{"id":48594,"date":"2016-04-14T14:25:07","date_gmt":"2016-04-14T14:25:07","guid":{"rendered":"http:\/\/www.enjoymaremma.it\/de\/suggerimenti\/"},"modified":"2017-06-26T17:16:04","modified_gmt":"2017-06-26T15:16:04","slug":"leisten-sie-ihren-beitrag","status":"publish","type":"page","link":"https:\/\/www.enjoymaremma.it\/de\/leisten-sie-ihren-beitrag\/","title":{"rendered":"Seien Sie dabei! Leisten Sie Ihren Beitrag!"},"content":{"rendered":"<p>[vc_row css_animation=&#8220;&#8220; row_type=&#8220;row&#8220; use_row_as_full_screen_section=&#8220;no&#8220; type=&#8220;full_width&#8220; angled_section=&#8220;no&#8220; text_align=&#8220;left&#8220; background_image_as_pattern=&#8220;without_pattern&#8220;][vc_column][vc_column_text]<\/p>\n<p><center><blockquote class='' style=''><h5 class='blockquote-text' style=' line-height: undefinedpx;'><span style=\"color: #0b6c95;\">Finden Sie, dass eine wichtige Nachricht zu einem bestimmten Thema oder Ort fehlt??<br \/>\nSenden Sie uns Ihren Vorschlag zu einer interessanten Nachricht zum Thema Maremma!<\/span><\/h5><\/blockquote><\/center>[\/vc_column_text][\/vc_column][\/vc_row][vc_row css_animation=&#8220;&#8220; row_type=&#8220;row&#8220; use_row_as_full_screen_section=&#8220;no&#8220; type=&#8220;full_width&#8220; angled_section=&#8220;no&#8220; text_align=&#8220;left&#8220; background_image_as_pattern=&#8220;without_pattern&#8220;][vc_column][vc_column_text]<\/p>\n<h1 style=\"text-align: center;\"><em>Helfen Sie uns dabei, uns zu verbessern!<\/em><\/h1>\n<p>[\/vc_column_text][\/vc_column][\/vc_row][vc_row css_animation=&#8220;&#8220; row_type=&#8220;row&#8220; use_row_as_full_screen_section=&#8220;no&#8220; type=&#8220;full_width&#8220; angled_section=&#8220;no&#8220; text_align=&#8220;left&#8220; background_image_as_pattern=&#8220;without_pattern&#8220; css=&#8220;.vc_custom_1460733801968{margin-top: 15px !important;}&#8220;][vc_column][vc_column_text]<\/p>\n<p style=\"text-align: center;\">Schreiben Sie uns und senden sie uns Bilder zur Verbesserung der Nutzerfreundlichkeit unserer Seite!<br \/>\nIhre Meinung, sowie Ihren Beitrag, oder auch Vorschl\u00e4ge sind uns sehr wichtig!<br \/>\nDas Enjoy Maremma Team wird Ihre Schreiben und Bilder posten, seien Sie dabei!<\/p>\n<p>[\/vc_column_text][\/vc_column][\/vc_row][vc_row css_animation=&#8220;&#8220; row_type=&#8220;row&#8220; use_row_as_full_screen_section=&#8220;no&#8220; type=&#8220;full_width&#8220; angled_section=&#8220;no&#8220; text_align=&#8220;left&#8220; background_image_as_pattern=&#8220;without_pattern&#8220;][vc_column width=&#8220;1\/6&#8243;][vc_column_text]<br \/>\n[\/vc_column_text][\/vc_column][vc_column width=&#8220;2\/3&#8243;]\n<div class=\"wpcf7 no-js\" id=\"wpcf7-f45264-o1\" lang=\"de-DE\" dir=\"ltr\" data-wpcf7-id=\"45264\">\n<div class=\"screen-reader-response\"><p role=\"status\" aria-live=\"polite\" aria-atomic=\"true\"><\/p> <ul><\/ul><\/div>\n<form action=\"\/de\/wp-json\/wp\/v2\/pages\/48594#wpcf7-f45264-o1\" method=\"post\" class=\"wpcf7-form init cf7_custom_style_1\" aria-label=\"Kontaktformular\" enctype=\"multipart\/form-data\" novalidate=\"novalidate\" data-status=\"init\">\n<fieldset class=\"hidden-fields-container\"><input type=\"hidden\" name=\"_wpcf7\" value=\"45264\" \/><input type=\"hidden\" name=\"_wpcf7_version\" value=\"6.1.3\" \/><input type=\"hidden\" name=\"_wpcf7_locale\" value=\"de_DE\" \/><input type=\"hidden\" name=\"_wpcf7_unit_tag\" value=\"wpcf7-f45264-o1\" \/><input type=\"hidden\" name=\"_wpcf7_container_post\" value=\"0\" \/><input type=\"hidden\" name=\"_wpcf7_posted_data_hash\" value=\"\" \/><input type=\"hidden\" name=\"_wpcf7_recaptcha_response\" value=\"\" \/>\n<\/fieldset>\n\n<p>Ihr Name (Pflichtfeld)\n<\/p>\n<p><span class=\"wpcf7-form-control-wrap\" data-name=\"your-name\"><input size=\"40\" maxlength=\"400\" class=\"wpcf7-form-control wpcf7-text wpcf7-validates-as-required\" aria-required=\"true\" aria-invalid=\"false\" value=\"\" type=\"text\" name=\"your-name\" \/><\/span>\n<\/p>\n<p>Ihre E-Mail-Adresse (Pflichtfeld)\n<\/p>\n<p><span class=\"wpcf7-form-control-wrap\" data-name=\"your-email\"><input size=\"40\" maxlength=\"400\" class=\"wpcf7-form-control wpcf7-email wpcf7-validates-as-required wpcf7-text wpcf7-validates-as-email\" aria-required=\"true\" aria-invalid=\"false\" value=\"\" type=\"email\" name=\"your-email\" \/><\/span>\n<\/p>\n<p>Ihre Nachricht\n<\/p>\n<p><span class=\"wpcf7-form-control-wrap\" data-name=\"your-message\"><textarea cols=\"40\" rows=\"10\" maxlength=\"2000\" class=\"wpcf7-form-control wpcf7-textarea\" aria-invalid=\"false\" name=\"your-message\"><\/textarea><\/span>\n<\/p>\n<p>Datei hochladen <span class=\"wpcf7-form-control-wrap\" data-name=\"file-666\"><input size=\"40\" class=\"wpcf7-form-control wpcf7-file\" accept=\".jpg,.jpeg,.pdf,.doc,.docx,.png,.gif\" aria-invalid=\"false\" type=\"file\" name=\"file-666\" \/><\/span>\n<\/p>\n<p><span class=\"wpcf7-form-control-wrap\" data-name=\"privacy\"><span class=\"wpcf7-form-control wpcf7-acceptance\"><span class=\"wpcf7-list-item\"><input type=\"checkbox\" name=\"privacy\" value=\"1\" aria-invalid=\"false\" \/><\/span><\/span><\/span> Ich stimme der Verarbeitung meiner pers\u00f6nlichen Daten zu. Sehen Sie unsere Datenschutzerkl\u00e4rung, um mehr Informationen \u00fcber die <a href=\"\/de\/privacy\" target=\"_blank\">Verarbeitung Ihrer pers\u00f6nlichen Daten<\/a> zu erhalten.\n<\/p>\n<p><input class=\"wpcf7-form-control wpcf7-submit has-spinner\" type=\"submit\" value=\"Senden\" \/>\n<\/p><input type='hidden' class='wpcf7-pum' value='{\"closepopup\":false,\"closedelay\":0,\"openpopup\":false,\"openpopup_id\":0}' \/><div class=\"wpcf7-response-output\" aria-hidden=\"true\"><\/div>\n<\/form>\n<\/div>\n[\/vc_column][vc_column width=&#8220;1\/6&#8243;][vc_column_text]<br \/>\n[\/vc_column_text][\/vc_column][\/vc_row]<\/p>\n","protected":false},"excerpt":{"rendered":"<p>[vc_row css_animation=&#8220;&#8220; row_type=&#8220;row&#8220; use_row_as_full_screen_section=&#8220;no&#8220; type=&#8220;full_width&#8220; angled_section=&#8220;no&#8220; text_align=&#8220;left&#8220; background_image_as_pattern=&#8220;without_pattern&#8220;][vc_column][vc_column_text] [\/vc_column_text][\/vc_column][\/vc_row][vc_row css_animation=&#8220;&#8220; row_type=&#8220;row&#8220; use_row_as_full_screen_section=&#8220;no&#8220; type=&#8220;full_width&#8220; angled_section=&#8220;no&#8220; text_align=&#8220;left&#8220; background_image_as_pattern=&#8220;without_pattern&#8220;][vc_column][vc_column_text] Helfen Sie uns dabei, uns zu verbessern! [\/vc_column_text][\/vc_column][\/vc_row][vc_row css_animation=&#8220;&#8220; row_type=&#8220;row&#8220; use_row_as_full_screen_section=&#8220;no&#8220; type=&#8220;full_width&#8220; angled_section=&#8220;no&#8220; text_align=&#8220;left&#8220; background_image_as_pattern=&#8220;without_pattern&#8220; css=&#8220;.vc_custom_1460733801968{margin-top: 15px !important;}&#8220;][vc_column][vc_column_text] Schreiben Sie uns und senden sie uns Bilder zur Verbesserung der Nutzerfreundlichkeit unserer Seite! Ihre Meinung, sowie Ihren Beitrag, oder auch Vorschl\u00e4ge sind uns sehr wichtig! Das Enjoy Maremma Team wird Ihre Schreiben und Bilder posten,&#8230;<\/p>\n","protected":false},"author":3,"featured_media":0,"parent":0,"menu_order":0,"comment_status":"closed","ping_status":"closed","template":"","meta":{"footnotes":""},"class_list":["post-48594","page","type-page","status-publish","hentry"],"_links":{"self":[{"href":"https:\/\/www.enjoymaremma.it\/de\/wp-json\/wp\/v2\/pages\/48594","targetHints":{"allow":["GET"]}}],"collection":[{"href":"https:\/\/www.enjoymaremma.it\/de\/wp-json\/wp\/v2\/pages"}],"about":[{"href":"https:\/\/www.enjoymaremma.it\/de\/wp-json\/wp\/v2\/types\/page"}],"author":[{"embeddable":true,"href":"https:\/\/www.enjoymaremma.it\/de\/wp-json\/wp\/v2\/users\/3"}],"replies":[{"embeddable":true,"href":"https:\/\/www.enjoymaremma.it\/de\/wp-json\/wp\/v2\/comments?post=48594"}],"version-history":[{"count":7,"href":"https:\/\/www.enjoymaremma.it\/de\/wp-json\/wp\/v2\/pages\/48594\/revisions"}],"predecessor-version":[{"id":142263,"href":"https:\/\/www.enjoymaremma.it\/de\/wp-json\/wp\/v2\/pages\/48594\/revisions\/142263"}],"wp:attachment":[{"href":"https:\/\/www.enjoymaremma.it\/de\/wp-json\/wp\/v2\/media?parent=48594"}],"curies":[{"name":"wp","href":"https:\/\/api.w.org\/{rel}","templated":true}]}}