{"id":293238,"date":"2022-01-19T10:20:01","date_gmt":"2022-01-19T09:20:01","guid":{"rendered":"https:\/\/www.enjoymaremma.it\/noleggio-barca\/"},"modified":"2022-03-02T10:15:46","modified_gmt":"2022-03-02T09:15:46","slug":"ein-boot-zu-mieten","status":"publish","type":"page","link":"https:\/\/www.enjoymaremma.it\/de\/ein-boot-zu-mieten\/","title":{"rendered":"Ein Boot zu mieten"},"content":{"rendered":"<p>[vc_row css_animation=&#8220;&#8220; row_type=&#8220;row&#8220; use_row_as_full_screen_section=&#8220;no&#8220; type=&#8220;full_width&#8220; angled_section=&#8220;no&#8220; text_align=&#8220;left&#8220; background_image_as_pattern=&#8220;without_pattern&#8220;][vc_column][vc_column_text css=&#8220;.vc_custom_1646212544212{margin-bottom: 30px !important;}&#8220;]<\/p>\n<h2 class=\"descrizione\">Im Hafen von Castiglione delle Pescaia im Herzen der toskanischen Maremma finden Sie unser \u201eEnjoy One\u201c ein 11 Meter langes Tornado Eleven Boot, das bereit steht, um Sie auf Ihrer Entdeckungsreise auf diesen bezaubernden Meeresabschnitt zu fahren.<\/h2>\n<p>[\/vc_column_text]<div class='q_masonry_blog'><div class=\"q_masonry_blog_grid_sizer\"><\/div><div class=\"q_masonry_blog_grid_gutter\"><\/div><article  class='post-293199 post type-post status-publish format-standard has-post-thumbnail hentry category-ein-boot-zu-mieten '><div class=\"q_masonry_blog_post_image\"><a itemprop=\"url\" href=\"https:\/\/www.enjoymaremma.it\/de\/ein-boot-zu-mieten\/bootsverleih-an-der-toskanischen-kueste\/\" target=\"_self\"><img decoding=\"async\" itemprop=\"image\" src=\"https:\/\/www.enjoymaremma.it\/wp-content\/uploads\/2021\/07\/DJI_0326-539x303.jpg\" \/><\/a><\/div><div class=\"q_masonry_blog_post_text\"><h3 itemprop=\"name\" class=\"q_masonry_blog_title entry_title\"><a itemprop=\"url\" href=\"https:\/\/www.enjoymaremma.it\/de\/ein-boot-zu-mieten\/bootsverleih-an-der-toskanischen-kueste\/\">Bootsverleih an der toskanischen K\u00fcste<\/a><\/h3><p itemprop=\"description\" class=\"q_masonry_blog_excerpt\">Um Ihren n\u00e4chsten Badeurlaub an der toskanischen K\u00fcste unvergesslich zu machen, mieten Sie das Enjoy One Boot. Das ist die beste L\u00f6sung, um die toskanische Maremma-K\u00fcste zu erkunden Bootsfahrt \u2013 Arcipelago Toscano Tornado Eleven mit Komb\u00fcse an...<\/p><div class=\"q_masonry_blog_post_info\"><\/div><\/div><\/article><article  class='post-293202 post type-post status-publish format-standard has-post-thumbnail hentry category-ein-boot-zu-mieten '><div class=\"q_masonry_blog_post_image\"><a itemprop=\"url\" href=\"https:\/\/www.enjoymaremma.it\/de\/ein-boot-zu-mieten\/bootsverleih-zu-der-insel-elba\/\" target=\"_self\"><img decoding=\"async\" itemprop=\"image\" src=\"https:\/\/www.enjoymaremma.it\/wp-content\/uploads\/2020\/05\/01_\u00a9R.Ridi2270PF_spiaggia-delle-ghiaie-539x303.jpg\" \/><\/a><\/div><div class=\"q_masonry_blog_post_text\"><h3 itemprop=\"name\" class=\"q_masonry_blog_title entry_title\"><a itemprop=\"url\" href=\"https:\/\/www.enjoymaremma.it\/de\/ein-boot-zu-mieten\/bootsverleih-zu-der-insel-elba\/\">Bootsverleih zu der Insel Elba<\/a><\/h3><p itemprop=\"description\" class=\"q_masonry_blog_excerpt\">Elba ist die gr\u00f6\u00dfte der Inseln des toskanischen Archipels und stellt eines der sieben Wunder des Archipels dar. Sie k\u00f6nnen mit unserem Boot Elba entdecken und von ihrer Sch\u00f6nheit verzaubert werden. Eichelstrand &#8211; Insel Elba Das Enjoy One is...<\/p><div class=\"q_masonry_blog_post_info\"><\/div><\/div><\/article><article  class='post-293209 post type-post status-publish format-standard has-post-thumbnail hentry category-ein-boot-zu-mieten '><div class=\"q_masonry_blog_post_image\"><a itemprop=\"url\" href=\"https:\/\/www.enjoymaremma.it\/de\/ein-boot-zu-mieten\/mieten-sie-ein-boot-um-pianosa-zu-entdecken\/\" target=\"_self\"><img decoding=\"async\" itemprop=\"image\" src=\"https:\/\/www.enjoymaremma.it\/wp-content\/uploads\/pianosa_17290303-539x303.jpg\" \/><\/a><\/div><div class=\"q_masonry_blog_post_text\"><h3 itemprop=\"name\" class=\"q_masonry_blog_title entry_title\"><a itemprop=\"url\" href=\"https:\/\/www.enjoymaremma.it\/de\/ein-boot-zu-mieten\/mieten-sie-ein-boot-um-pianosa-zu-entdecken\/\">Mieten Sie ein Boot, um Pianosa zu entdecken<\/a><\/h3><p itemprop=\"description\" class=\"q_masonry_blog_excerpt\">Die flache Insel ist eines der sieben Wunder der toskanischen K\u00fcste und kann mit unserer Enjoy One mit Skipper an Bord besucht werden. Das ist die beste L\u00f6sung, um den toskanischen Archipel zu entdecken. Pianosa &#8211; Toskanischer Archipel Tour f...<\/p><div class=\"q_masonry_blog_post_info\"><\/div><\/div><\/article><article  class='post-293213 post type-post status-publish format-standard has-post-thumbnail hentry category-ein-boot-zu-mieten '><div class=\"q_masonry_blog_post_image\"><a itemprop=\"url\" href=\"https:\/\/www.enjoymaremma.it\/de\/ein-boot-zu-mieten\/mieten-sie-ein-boot-zur-insel-giglio\/\" target=\"_self\"><img decoding=\"async\" itemprop=\"image\" src=\"https:\/\/www.enjoymaremma.it\/wp-content\/uploads\/cala_violina_14699979-539x303.jpg\" \/><\/a><\/div><div class=\"q_masonry_blog_post_text\"><h3 itemprop=\"name\" class=\"q_masonry_blog_title entry_title\"><a itemprop=\"url\" href=\"https:\/\/www.enjoymaremma.it\/de\/ein-boot-zu-mieten\/mieten-sie-ein-boot-zur-insel-giglio\/\">Mieten Sie ein Boot zur Insel Giglio<\/a><\/h3><p itemprop=\"description\" class=\"q_masonry_blog_excerpt\">Entscheiden Sie sich f\u00fcr einen Bootsausflug f\u00fcr wahre Liebhaber des Meeres zur Entdeckung bekannter und weniger bekannter Str\u00e4nde und Buchten. Sie werden faszinierenden Orte von unglaublicher Sch\u00f6nheit besuchen und unvergesslichen Emotionen erleb...<\/p><div class=\"q_masonry_blog_post_info\"><\/div><\/div><\/article><article  class='post-293217 post type-post status-publish format-standard has-post-thumbnail hentry category-ein-boot-zu-mieten '><div class=\"q_masonry_blog_post_image\"><a itemprop=\"url\" href=\"https:\/\/www.enjoymaremma.it\/de\/ein-boot-zu-mieten\/mieten-sie-ein-boot-um-die-giannutri-insel-zu-besuchen\/\" target=\"_self\"><img decoding=\"async\" itemprop=\"image\" src=\"https:\/\/www.enjoymaremma.it\/wp-content\/uploads\/cala_martina_754615781-539x303.jpg\" \/><\/a><\/div><div class=\"q_masonry_blog_post_text\"><h3 itemprop=\"name\" class=\"q_masonry_blog_title entry_title\"><a itemprop=\"url\" href=\"https:\/\/www.enjoymaremma.it\/de\/ein-boot-zu-mieten\/mieten-sie-ein-boot-um-die-giannutri-insel-zu-besuchen\/\">Mieten Sie ein Boot, um die Giannutri Insel zu besuchen<\/a><\/h3><p itemprop=\"description\" class=\"q_masonry_blog_excerpt\">Mieten Sie unser Motorboot, um einen angenehmen Tag auf dem Meer zu verbringen und einzigartige Orte zu entdecken. Sie k\u00f6nnen mit unserem Boot am besten die sch\u00f6nsten Inseln der toskanischen K\u00fcste erreichen. Cala Martina &#8211; Toskanischer Archi...<\/p><div class=\"q_masonry_blog_post_info\"><\/div><\/div><\/article><article  class='post-293220 post type-post status-publish format-standard has-post-thumbnail hentry category-ein-boot-zu-mieten '><div class=\"q_masonry_blog_post_image\"><a itemprop=\"url\" href=\"https:\/\/www.enjoymaremma.it\/de\/ein-boot-zu-mieten\/buchen-sie-ein-mietboot-nach-capraia\/\" target=\"_self\"><img decoding=\"async\" itemprop=\"image\" src=\"https:\/\/www.enjoymaremma.it\/wp-content\/uploads\/2020\/09\/Iti.stagnone-800-539x303.jpg\" \/><\/a><\/div><div class=\"q_masonry_blog_post_text\"><h3 itemprop=\"name\" class=\"q_masonry_blog_title entry_title\"><a itemprop=\"url\" href=\"https:\/\/www.enjoymaremma.it\/de\/ein-boot-zu-mieten\/buchen-sie-ein-mietboot-nach-capraia\/\">Buchen Sie ein Mietboot nach Capraia<\/a><\/h3><p itemprop=\"description\" class=\"q_masonry_blog_excerpt\">Mieten Sie ein fantastisches Tornado Eleven Boot, um den toskanischen Archipel zu entdecken. Der Abfahrt erfolgt vom Hafen von Castiglione della Pescaia. Wir geben Ihnen die M\u00f6glichkeit Ihre Bootstour bis zu acht Personen pers\u00f6nlich zu gestalten. C...<\/p><div class=\"q_masonry_blog_post_info\"><\/div><\/div><\/article><article  class='post-293223 post type-post status-publish format-standard has-post-thumbnail hentry category-ein-boot-zu-mieten '><div class=\"q_masonry_blog_post_image\"><a itemprop=\"url\" href=\"https:\/\/www.enjoymaremma.it\/de\/ein-boot-zu-mieten\/mieten-sie-ein-boot-nach-montecristo\/\" target=\"_self\"><img decoding=\"async\" itemprop=\"image\" src=\"https:\/\/www.enjoymaremma.it\/wp-content\/uploads\/Fotolia_40998665_Subscription_Monthly_M-539x303.jpg\" \/><\/a><\/div><div class=\"q_masonry_blog_post_text\"><h3 itemprop=\"name\" class=\"q_masonry_blog_title entry_title\"><a itemprop=\"url\" href=\"https:\/\/www.enjoymaremma.it\/de\/ein-boot-zu-mieten\/mieten-sie-ein-boot-nach-montecristo\/\">Mieten Sie ein Boot nach Montecristo<\/a><\/h3><p itemprop=\"description\" class=\"q_masonry_blog_excerpt\">Sie k\u00f6nnen unser Boot mit Skipper mieten, um die wundersch\u00f6nen Inseln des Nationalparks des Toskanischen Archipels zu entdecken. Eine einzigartige Erfahrung! Tauchen &#8211; Toskanischer Archipel Abfahrt vom Hafen von Castiglione della Pescaia Cast...<\/p><div class=\"q_masonry_blog_post_info\"><\/div><\/div><\/article><article  class='post-293197 post type-post status-publish format-standard has-post-thumbnail hentry category-ein-boot-zu-mieten '><div class=\"q_masonry_blog_post_image\"><a itemprop=\"url\" href=\"https:\/\/www.enjoymaremma.it\/de\/ein-boot-zu-mieten\/bootsverleih-in-castiglione-della-pescaia\/\" target=\"_self\"><img decoding=\"async\" itemprop=\"image\" src=\"https:\/\/www.enjoymaremma.it\/wp-content\/uploads\/2015\/01\/CAstiglione-della-Pescaia-539x303.jpg\" \/><\/a><\/div><div class=\"q_masonry_blog_post_text\"><h3 itemprop=\"name\" class=\"q_masonry_blog_title entry_title\"><a itemprop=\"url\" href=\"https:\/\/www.enjoymaremma.it\/de\/ein-boot-zu-mieten\/bootsverleih-in-castiglione-della-pescaia\/\">Bootsverleih in Castiglione della Pescaia<\/a><\/h3><p itemprop=\"description\" class=\"q_masonry_blog_excerpt\">Ein fantastisches Tornado Eleven Boot, das sich im Hafen von Castiglione della Pescaia befindet, steht bereit, um Sie zu den wundersch\u00f6nen Inseln des toskanischen Archipels zu fahren. Castiglione della Pescaia &#8211; Grosseto Boot mit Skipper f\u00fcr ...<\/p><div class=\"q_masonry_blog_post_info\"><\/div><\/div><\/article><\/div>[\/vc_column][\/vc_row]<\/p>\n","protected":false},"excerpt":{"rendered":"<p>[vc_row css_animation=&#8220;&#8220; row_type=&#8220;row&#8220; use_row_as_full_screen_section=&#8220;no&#8220; type=&#8220;full_width&#8220; angled_section=&#8220;no&#8220; text_align=&#8220;left&#8220; background_image_as_pattern=&#8220;without_pattern&#8220;][vc_column][vc_column_text css=&#8220;.vc_custom_1646212544212{margin-bottom: 30px !important;}&#8220;] Im Hafen von Castiglione delle Pescaia im Herzen der toskanischen Maremma finden Sie unser \u201eEnjoy One\u201c ein 11 Meter langes Tornado Eleven Boot, das bereit steht, um Sie auf Ihrer Entdeckungsreise auf diesen bezaubernden Meeresabschnitt zu fahren. [\/vc_column_text][\/vc_column][\/vc_row]<\/p>\n","protected":false},"author":3,"featured_media":0,"parent":0,"menu_order":0,"comment_status":"closed","ping_status":"closed","template":"","meta":{"footnotes":""},"class_list":["post-293238","page","type-page","status-publish","hentry"],"_links":{"self":[{"href":"https:\/\/www.enjoymaremma.it\/de\/wp-json\/wp\/v2\/pages\/293238","targetHints":{"allow":["GET"]}}],"collection":[{"href":"https:\/\/www.enjoymaremma.it\/de\/wp-json\/wp\/v2\/pages"}],"about":[{"href":"https:\/\/www.enjoymaremma.it\/de\/wp-json\/wp\/v2\/types\/page"}],"author":[{"embeddable":true,"href":"https:\/\/www.enjoymaremma.it\/de\/wp-json\/wp\/v2\/users\/3"}],"replies":[{"embeddable":true,"href":"https:\/\/www.enjoymaremma.it\/de\/wp-json\/wp\/v2\/comments?post=293238"}],"version-history":[{"count":1,"href":"https:\/\/www.enjoymaremma.it\/de\/wp-json\/wp\/v2\/pages\/293238\/revisions"}],"predecessor-version":[{"id":293239,"href":"https:\/\/www.enjoymaremma.it\/de\/wp-json\/wp\/v2\/pages\/293238\/revisions\/293239"}],"wp:attachment":[{"href":"https:\/\/www.enjoymaremma.it\/de\/wp-json\/wp\/v2\/media?parent=293238"}],"curies":[{"name":"wp","href":"https:\/\/api.w.org\/{rel}","templated":true}]}}