{"id":177941,"date":"2018-02-16T14:05:02","date_gmt":"2018-02-16T12:05:02","guid":{"rendered":"http:\/\/www.enjoymaremma.it\/?page_id=177941\/"},"modified":"2018-05-29T09:18:14","modified_gmt":"2018-05-29T07:18:14","slug":"maremma-challenge","status":"publish","type":"page","link":"https:\/\/www.enjoymaremma.it\/de\/maremma-challenge\/","title":{"rendered":"Maremma Challenge"},"content":{"rendered":"<p>[vc_row css_animation=&#8220;&#8220; row_type=&#8220;row&#8220; use_row_as_full_screen_section=&#8220;no&#8220; type=&#8220;full_width&#8220; angled_section=&#8220;no&#8220; text_align=&#8220;left&#8220; background_image_as_pattern=&#8220;without_pattern&#8220;][vc_column][vc_empty_space][\/vc_column][\/vc_row][vc_row css_animation=&#8220;&#8220; row_type=&#8220;row&#8220; use_row_as_full_screen_section=&#8220;no&#8220; type=&#8220;full_width&#8220; angled_section=&#8220;no&#8220; text_align=&#8220;left&#8220; background_image_as_pattern=&#8220;without_pattern&#8220;][vc_column]<div class=\"container_inner\"><div class=\"call_to_action normal\" style=\"background-color: #8ed1c3;\"><div class=\"two_columns_75_25 clearfix\"><div class=\"text_wrapper column1\"><div class=\"call_to_action_text  font_weight_inherit\" style=\"font-weight: 600;\">\n<h1><img loading=\"lazy\" decoding=\"async\" class=\"size-full wp-image-179851 aligncenter\" src=\"http:\/\/www.enjoymaremma.it\/wp-content\/uploads\/2018\/02\/logouisp.png\" alt=\"logo-uisp\" width=\"179\" height=\"90\" \/><\/h1>\n<h1 style=\"text-align: right;\"><strong>Die Grand Tour der Maremma<\/strong><\/h1>\n<h4 style=\"text-align: right;\"><span style=\"color: #fff;\">&#8230;Die Tour ist in drei Kreisl\u00e4ufen aufgeteilt und ist so konzipiert,<br \/>\ndamit man selbstst\u00e4ndig durch die toskanische Maremma fahren kann,<br \/>\nein Land, wo die Natur ungest\u00f6rt herrscht.<br \/>\n<\/span><\/h4>\n<\/div><\/div><\/div><\/div><\/div>[\/vc_column][\/vc_row][vc_row css_animation=&#8220;&#8220; row_type=&#8220;row&#8220; use_row_as_full_screen_section=&#8220;no&#8220; type=&#8220;full_width&#8220; angled_section=&#8220;no&#8220; text_align=&#8220;left&#8220; background_image_as_pattern=&#8220;without_pattern&#8220;][vc_column][vc_empty_space][\/vc_column][\/vc_row][vc_row css_animation=&#8220;&#8220; row_type=&#8220;row&#8220; use_row_as_full_screen_section=&#8220;no&#8220; type=&#8220;full_width&#8220; angled_section=&#8220;no&#8220; text_align=&#8220;left&#8220; background_image_as_pattern=&#8220;without_pattern&#8220;][vc_column]<div class='image_hover ' style='' data-transition-delay=''><div class='images_holder'><img itemprop='image' class='' src='https:\/\/www.enjoymaremma.it\/wp-content\/uploads\/2018\/02\/flyer-ted-header-01.jpg' alt='' style='' \/><img itemprop='image' class='hover_image' src='' alt='' style='' \/><\/div><\/div>[\/vc_column][\/vc_row][vc_row css_animation=&#8220;&#8220; row_type=&#8220;row&#8220; use_row_as_full_screen_section=&#8220;no&#8220; type=&#8220;full_width&#8220; angled_section=&#8220;no&#8220; text_align=&#8220;left&#8220; background_image_as_pattern=&#8220;without_pattern&#8220;][vc_column]<blockquote class=' with_quote_icon' style=''><i class='fa fa-quote-right pull-left' style=''><\/i><h5 class='blockquote-text' style=''>Die Maremma Challenge ist ein dreifaches Ereignis von Radausfl\u00fcgen der ``Gro\u00dfen Tour durch die Maremma`` entlang.<\/h5><\/blockquote>[\/vc_column][\/vc_row][vc_row css_animation=&#8220;&#8220; row_type=&#8220;row&#8220; use_row_as_full_screen_section=&#8220;no&#8220; type=&#8220;full_width&#8220; angled_section=&#8220;no&#8220; text_align=&#8220;center&#8220; background_image_as_pattern=&#8220;without_pattern&#8220;][vc_column][vc_empty_space][\/vc_column][\/vc_row][vc_row css_animation=&#8220;&#8220; row_type=&#8220;row&#8220; use_row_as_full_screen_section=&#8220;no&#8220; type=&#8220;full_width&#8220; angled_section=&#8220;no&#8220; text_align=&#8220;center&#8220; background_image_as_pattern=&#8220;without_pattern&#8220;][vc_column][vc_column_text]Die Tour ist in drei Rundstrecken durch die ganze Maremma Toscana aufgeteilt und ist es also bequemer f\u00fcr alle diejenigen,<br \/>\ndie in der Natur durch die Schotterstra\u00dfe der Maremma langsam Fahrrad fahren lieben, die oft auch reich an Geschichte sind.[\/vc_column_text][\/vc_column][\/vc_row][vc_row css_animation=&#8220;&#8220; row_type=&#8220;row&#8220; use_row_as_full_screen_section=&#8220;no&#8220; type=&#8220;full_width&#8220; angled_section=&#8220;no&#8220; text_align=&#8220;center&#8220; background_image_as_pattern=&#8220;without_pattern&#8220;][vc_column][vc_empty_space][\/vc_column][\/vc_row][vc_row css_animation=&#8220;&#8220; row_type=&#8220;row&#8220; use_row_as_full_screen_section=&#8220;no&#8220; type=&#8220;full_width&#8220; angled_section=&#8220;no&#8220; text_align=&#8220;center&#8220; background_image_as_pattern=&#8220;without_pattern&#8220;][vc_column]<a  itemprop=\"url\" href=\"https:\/\/ciclomaremma.wordpress.com\/\" target=\"_self\"  class=\"qbutton  default\" style=\"\">Veranstaltung Website<\/a>[\/vc_column][\/vc_row][vc_row css_animation=&#8220;&#8220; row_type=&#8220;row&#8220; use_row_as_full_screen_section=&#8220;no&#8220; type=&#8220;full_width&#8220; angled_section=&#8220;no&#8220; text_align=&#8220;center&#8220; background_image_as_pattern=&#8220;without_pattern&#8220;][vc_column][vc_empty_space][\/vc_column][\/vc_row][vc_row css_animation=&#8220;&#8220; row_type=&#8220;row&#8220; use_row_as_full_screen_section=&#8220;no&#8220; type=&#8220;full_width&#8220; angled_section=&#8220;no&#8220; text_align=&#8220;left&#8220; background_image_as_pattern=&#8220;without_pattern&#8220;][vc_column]<div class=\"qode-workflow  qode-workflow-animate\">\n    <span class=\"main-line\" style=\"\"><\/span>\n    <div class=\"qode-workflow-item\">\n    <span class=\"line\" style=\"\"><\/span>\n    <div class=\"qode-workflow-item-inner \">\n        <div class=\"qode-workflow-image center\">\n            <img loading=\"lazy\" decoding=\"async\" width=\"410\" height=\"234\" src=\"https:\/\/www.enjoymaremma.it\/wp-content\/uploads\/2018\/02\/maremma-challange-specification-list-03-01.png\" class=\"attachment-full size-full\" alt=\"Maremma Challenge\" srcset=\"https:\/\/www.enjoymaremma.it\/wp-content\/uploads\/2018\/02\/maremma-challange-specification-list-03-01.png 410w, https:\/\/www.enjoymaremma.it\/wp-content\/uploads\/2018\/02\/maremma-challange-specification-list-03-01-345x198.png 345w\" sizes=\"auto, (max-width: 410px) 100vw, 410px\" \/>        <\/div>\n        <div class=\"qode-workflow-text\">\n            <span class=\"circle\" style=\"\"><\/span>\n                                                    <p class=\"text\">Ruhig und ohne Eile Radfahren erlaubt, im Einklang mit den Rhythmen der Umwelt zu sein, und es ist einfacher, der Steigung oder unebenen Boden entgegenzutreten und ist auch der beste Weg, um alle die Werte dieses spannenden Gebiet zu genie\u00dfen, von Landschaft zum Natur und von der Kochkunst zum Historisch- und Kulturg\u00fcter.<\/p>\n                    <\/div>\n    <\/div>\n<\/div><div class=\"qode-workflow-item\">\n    <span class=\"line\" style=\"\"><\/span>\n    <div class=\"qode-workflow-item-inner reverse\">\n        <div class=\"qode-workflow-image center\">\n            <img loading=\"lazy\" decoding=\"async\" width=\"410\" height=\"234\" src=\"https:\/\/www.enjoymaremma.it\/wp-content\/uploads\/2018\/02\/maremma-challange-specification-list-02-01.png\" class=\"attachment-full size-full\" alt=\"Maremma Challenge\" srcset=\"https:\/\/www.enjoymaremma.it\/wp-content\/uploads\/2018\/02\/maremma-challange-specification-list-02-01.png 410w, https:\/\/www.enjoymaremma.it\/wp-content\/uploads\/2018\/02\/maremma-challange-specification-list-02-01-345x198.png 345w\" sizes=\"auto, (max-width: 410px) 100vw, 410px\" \/>        <\/div>\n        <div class=\"qode-workflow-text\">\n            <span class=\"circle\" style=\"\"><\/span>\n                                                    <p class=\"text\">Die Maremma Challenge ist in drei Ereignisse eingeteilt, damit alle Radtouristen oder Amateure leicht teilnehmen k\u00f6nnen, auch diejenigen, die mehr muskul\u00e4r trainiert sind und lieben sich selbst auf die Probe stellen mit langen und mittleren Fahrstrecken auf Stra\u00dfen und Nebenstra\u00dfen in Asphalt&lt;br \/&gt;\noder mit nat\u00fcrlicher Hintergrund. Die Wegstrecken sind manchmal eine Herausforderung, mit erheblichen Steigungen oder steinigen Boden, aber immer in den Umweltzusammenhang von hohem \u00f6kologischem Wert und nat\u00fcrlicher Sch\u00f6nheit, die f\u00fcr die M\u00fche auszahlen.<\/p>\n                    <\/div>\n    <\/div>\n<\/div><div class=\"qode-workflow-item\">\n    <span class=\"line\" style=\"\"><\/span>\n    <div class=\"qode-workflow-item-inner \">\n        <div class=\"qode-workflow-image center\">\n            <img loading=\"lazy\" decoding=\"async\" width=\"410\" height=\"234\" src=\"https:\/\/www.enjoymaremma.it\/wp-content\/uploads\/2018\/02\/maremma-challange-specification-list-01.png\" class=\"attachment-full size-full\" alt=\"Maremma Challenge\" srcset=\"https:\/\/www.enjoymaremma.it\/wp-content\/uploads\/2018\/02\/maremma-challange-specification-list-01.png 410w, https:\/\/www.enjoymaremma.it\/wp-content\/uploads\/2018\/02\/maremma-challange-specification-list-01-345x198.png 345w\" sizes=\"auto, (max-width: 410px) 100vw, 410px\" \/>        <\/div>\n        <div class=\"qode-workflow-text\">\n            <span class=\"circle\" style=\"\"><\/span>\n                                                    <p class=\"text\">Die drei Routen sind meist aus dem Netz der GreenWays Projekt der Provinz Grosseto und aus den Wanderrouten des Toskana Ausflugnetzes abgeleitet. W\u00e4hrend der drei Ereignisse k\u00f6nnen die Teilnehmer die spezifischen Dienstleistungen genie\u00dfen, die von der Organisation zur Verf\u00fcgung gestellt sind und k\u00f6nnen in einigen Stra\u00dfen mit gro\u00dfem landschaftlichem Wert fahren, die nicht immer f\u00fcr die \u00d6ffentlichkeit zug\u00e4nglich sind.<\/p>\n                    <\/div>\n    <\/div>\n<\/div><\/div>[\/vc_column][\/vc_row][vc_row css_animation=&#8220;&#8220; row_type=&#8220;row&#8220; use_row_as_full_screen_section=&#8220;no&#8220; type=&#8220;full_width&#8220; angled_section=&#8220;no&#8220; text_align=&#8220;left&#8220; background_image_as_pattern=&#8220;without_pattern&#8220;][vc_column][vc_empty_space][\/vc_column][\/vc_row][vc_row css_animation=&#8220;&#8220; row_type=&#8220;row&#8220; use_row_as_full_screen_section=&#8220;no&#8220; type=&#8220;full_width&#8220; angled_section=&#8220;no&#8220; text_align=&#8220;left&#8220; background_image_as_pattern=&#8220;without_pattern&#8220;][vc_column]<div class=\"call_to_action normal\" style=\"\"><div class=\"container_inner\"><div class=\"two_columns_75_25 clearfix\"><div class=\"text_wrapper column1\"><div class=\"call_to_action_text \" style=\"\">Maremma Challenge Nord<\/div><\/div><div class=\"button_wrapper column2\"><a itemprop=\"url\" href=\"http:\/\/www.enjoymaremma.it\/events\/maremma-challenge-nord-2\" class=\"qbutton white \" target=\"\" style=\"\">scopri il percorso<\/a><\/div><\/div><\/div><\/div>[\/vc_column][\/vc_row][vc_row css_animation=&#8220;&#8220; row_type=&#8220;row&#8220; use_row_as_full_screen_section=&#8220;no&#8220; type=&#8220;full_width&#8220; angled_section=&#8220;no&#8220; text_align=&#8220;left&#8220; background_image_as_pattern=&#8220;without_pattern&#8220;][vc_column][vc_empty_space][\/vc_column][\/vc_row][vc_row css_animation=&#8220;&#8220; row_type=&#8220;row&#8220; use_row_as_full_screen_section=&#8220;no&#8220; type=&#8220;full_width&#8220; angled_section=&#8220;no&#8220; text_align=&#8220;left&#8220; background_image_as_pattern=&#8220;without_pattern&#8220;][vc_column][vc_text_separator title=&#8220;13-14-15 april 2018&#8243; border=&#8220;no&#8220; background_color=&#8220;#8ed1c3&#8243;][\/vc_column][\/vc_row][vc_row css_animation=&#8220;&#8220; row_type=&#8220;row&#8220; use_row_as_full_screen_section=&#8220;no&#8220; type=&#8220;full_width&#8220; angled_section=&#8220;no&#8220; text_align=&#8220;left&#8220; background_image_as_pattern=&#8220;without_pattern&#8220;][vc_column][vc_empty_space][\/vc_column][\/vc_row][vc_row css_animation=&#8220;&#8220; row_type=&#8220;row&#8220; use_row_as_full_screen_section=&#8220;no&#8220; type=&#8220;full_width&#8220; angled_section=&#8220;no&#8220; text_align=&#8220;left&#8220; background_image_as_pattern=&#8220;without_pattern&#8220;][vc_column width=&#8220;1\/3&#8243;]<div class=\"q_counter_holder  center\" style=\"\"><span class=\"counter  zero\" style=\"\">221<\/span><span class=\"separator small\" style=\"\"><\/span><p class=\"counter_text\" style=\"\">Entfernung (km)<\/p><\/div>[\/vc_column][vc_column width=&#8220;1\/3&#8243;]<div class=\"q_counter_holder  center\" style=\"\"><span class=\"counter  zero\" style=\"\">5808 m<\/span><span class=\"separator small\" style=\"\"><\/span><p class=\"counter_text\" style=\"font-size:  px;\">Gesamtanstieg (m)<\/p><\/div>[\/vc_column][vc_column width=&#8220;1\/3&#8243;]<div class=\"q_counter_holder  center\" style=\"\"><span class=\"counter  zero\" style=\"\">1202 m<\/span><span class=\"separator small\" style=\"\"><\/span><p class=\"counter_text\" style=\"\">Maximale H\u00f6he (m)<\/p><\/div>[\/vc_column][\/vc_row][vc_row css_animation=&#8220;&#8220; row_type=&#8220;row&#8220; use_row_as_full_screen_section=&#8220;no&#8220; type=&#8220;full_width&#8220; angled_section=&#8220;no&#8220; text_align=&#8220;left&#8220; background_image_as_pattern=&#8220;without_pattern&#8220;][vc_column][vc_empty_space][\/vc_column][\/vc_row][vc_row css_animation=&#8220;&#8220; row_type=&#8220;row&#8220; use_row_as_full_screen_section=&#8220;no&#8220; type=&#8220;full_width&#8220; angled_section=&#8220;no&#8220; text_align=&#8220;left&#8220; background_image_as_pattern=&#8220;without_pattern&#8220;][vc_column]<div class=\"call_to_action normal\" style=\"\"><div class=\"container_inner\"><div class=\"two_columns_75_25 clearfix\"><div class=\"text_wrapper column1\"><div class=\"call_to_action_text \" style=\"\">Maremma Challenge Ost<\/div><\/div><div class=\"button_wrapper column2\"><a itemprop=\"url\" href=\"http:\/\/www.enjoymaremma.it\/events\/maremma-challenge-ost\" class=\"qbutton white \" target=\"\" style=\"\">scopri il percorso<\/a><\/div><\/div><\/div><\/div>[\/vc_column][\/vc_row][vc_row css_animation=&#8220;&#8220; row_type=&#8220;row&#8220; use_row_as_full_screen_section=&#8220;no&#8220; type=&#8220;full_width&#8220; angled_section=&#8220;no&#8220; text_align=&#8220;left&#8220; background_image_as_pattern=&#8220;without_pattern&#8220;][vc_column][vc_empty_space][\/vc_column][\/vc_row][vc_row css_animation=&#8220;&#8220; row_type=&#8220;row&#8220; use_row_as_full_screen_section=&#8220;no&#8220; type=&#8220;full_width&#8220; angled_section=&#8220;no&#8220; text_align=&#8220;left&#8220; background_image_as_pattern=&#8220;without_pattern&#8220;][vc_column][vc_text_separator title=&#8220;25-26-27-28 april 2018&#8243; border=&#8220;no&#8220; background_color=&#8220;#8ed1c3&#8243;][\/vc_column][\/vc_row][vc_row css_animation=&#8220;&#8220; row_type=&#8220;row&#8220; use_row_as_full_screen_section=&#8220;no&#8220; type=&#8220;full_width&#8220; angled_section=&#8220;no&#8220; text_align=&#8220;left&#8220; background_image_as_pattern=&#8220;without_pattern&#8220;][vc_column][vc_empty_space][\/vc_column][\/vc_row][vc_row css_animation=&#8220;&#8220; row_type=&#8220;row&#8220; use_row_as_full_screen_section=&#8220;no&#8220; type=&#8220;full_width&#8220; angled_section=&#8220;no&#8220; text_align=&#8220;left&#8220; background_image_as_pattern=&#8220;without_pattern&#8220;][vc_column width=&#8220;1\/3&#8243;]<div class=\"q_counter_holder  center\" style=\"\"><span class=\"counter  zero\" style=\"\">245 Km<\/span><span class=\"separator small\" style=\"\"><\/span><p class=\"counter_text\" style=\"\">Entfernung (km)<\/p><\/div>[\/vc_column][vc_column width=&#8220;1\/3&#8243;]<div class=\"q_counter_holder  center\" style=\"\"><span class=\"counter  zero\" style=\"\">3131 m<\/span><span class=\"separator small\" style=\"\"><\/span><p class=\"counter_text\" style=\"font-size:  px;\">Gesamtanstieg (m)<\/p><\/div>[\/vc_column][vc_column width=&#8220;1\/3&#8243;]<div class=\"q_counter_holder  center\" style=\"\"><span class=\"counter  zero\" style=\"\">745 m<\/span><span class=\"separator small\" style=\"\"><\/span><p class=\"counter_text\" style=\"\">Maximale H\u00f6he (m)<\/p><\/div>[\/vc_column][\/vc_row][vc_row css_animation=&#8220;&#8220; row_type=&#8220;row&#8220; use_row_as_full_screen_section=&#8220;no&#8220; type=&#8220;full_width&#8220; angled_section=&#8220;no&#8220; text_align=&#8220;left&#8220; background_image_as_pattern=&#8220;without_pattern&#8220;][vc_column][vc_empty_space][\/vc_column][\/vc_row][vc_row css_animation=&#8220;&#8220; row_type=&#8220;row&#8220; use_row_as_full_screen_section=&#8220;no&#8220; type=&#8220;full_width&#8220; angled_section=&#8220;no&#8220; text_align=&#8220;left&#8220; background_image_as_pattern=&#8220;without_pattern&#8220;][vc_column][vc_text_separator title=&#8220;3-4-5-6 mai 2018&#8243; border=&#8220;no&#8220; background_color=&#8220;#8ed1c3&#8243;][\/vc_column][\/vc_row][vc_row css_animation=&#8220;&#8220; row_type=&#8220;row&#8220; use_row_as_full_screen_section=&#8220;no&#8220; type=&#8220;full_width&#8220; angled_section=&#8220;no&#8220; text_align=&#8220;left&#8220; background_image_as_pattern=&#8220;without_pattern&#8220;][vc_column][vc_empty_space][\/vc_column][\/vc_row][vc_row css_animation=&#8220;&#8220; row_type=&#8220;row&#8220; use_row_as_full_screen_section=&#8220;no&#8220; type=&#8220;full_width&#8220; angled_section=&#8220;no&#8220; text_align=&#8220;left&#8220; background_image_as_pattern=&#8220;without_pattern&#8220;][vc_column]<div class=\"call_to_action normal\" style=\"\"><div class=\"container_inner\"><div class=\"two_columns_75_25 clearfix\"><div class=\"text_wrapper column1\"><div class=\"call_to_action_text \" style=\"\">Maremma Challenge S\u00fcd<\/div><\/div><div class=\"button_wrapper column2\"><a itemprop=\"url\" href=\"http:\/\/www.enjoymaremma.it\/events\/maremma-challenge-sud-2\/\" class=\"qbutton white \" target=\"\" style=\"\">scopri il percorso<\/a><\/div><\/div><\/div><\/div>[\/vc_column][\/vc_row][vc_row css_animation=&#8220;&#8220; row_type=&#8220;row&#8220; use_row_as_full_screen_section=&#8220;no&#8220; type=&#8220;full_width&#8220; angled_section=&#8220;no&#8220; text_align=&#8220;left&#8220; background_image_as_pattern=&#8220;without_pattern&#8220;][vc_column][vc_empty_space][\/vc_column][\/vc_row][vc_row css_animation=&#8220;&#8220; row_type=&#8220;row&#8220; use_row_as_full_screen_section=&#8220;no&#8220; type=&#8220;full_width&#8220; angled_section=&#8220;no&#8220; text_align=&#8220;left&#8220; background_image_as_pattern=&#8220;without_pattern&#8220;][vc_column width=&#8220;1\/3&#8243;]<div class=\"q_counter_holder  center\" style=\"\"><span class=\"counter  zero\" style=\"\">287 Km<\/span><span class=\"separator small\" style=\"\"><\/span><p class=\"counter_text\" style=\"\">Entfernung (km)<\/p><\/div>[\/vc_column][vc_column width=&#8220;1\/3&#8243;]<div class=\"q_counter_holder  center\" style=\"\"><span class=\"counter  zero\" style=\"\">4507 m<\/span><span class=\"separator small\" style=\"\"><\/span><p class=\"counter_text\" style=\"font-size:  px;\">Gesamtanstieg (m)<\/p><\/div>[\/vc_column][vc_column width=&#8220;1\/3&#8243;]<div class=\"q_counter_holder  center\" style=\"\"><span class=\"counter  zero\" style=\"\">561 m<\/span><span class=\"separator small\" style=\"\"><\/span><p class=\"counter_text\" style=\"\">Maximale H\u00f6he (m)<\/p><\/div>[\/vc_column][\/vc_row][vc_row css_animation=&#8220;&#8220; row_type=&#8220;row&#8220; use_row_as_full_screen_section=&#8220;no&#8220; type=&#8220;full_width&#8220; angled_section=&#8220;no&#8220; text_align=&#8220;left&#8220; background_image_as_pattern=&#8220;without_pattern&#8220;][vc_column][vc_empty_space][\/vc_column][\/vc_row][vc_row css_animation=&#8220;&#8220; row_type=&#8220;row&#8220; use_row_as_full_screen_section=&#8220;no&#8220; type=&#8220;full_width&#8220; angled_section=&#8220;no&#8220; text_align=&#8220;center&#8220; background_image_as_pattern=&#8220;without_pattern&#8220;][vc_column]<a  itemprop=\"url\" href=\"http:\/\/www.enjoymaremma.it\/wp-content\/uploads\/2018\/02\/brochure-maremma-challenge-vl-1.pdf\" target=\"_self\"  class=\"qbutton  default\" style=\"\">SCARICA LA BORCHURE<\/a>[\/vc_column][\/vc_row]<\/p>\n","protected":false},"excerpt":{"rendered":"<p>[vc_row css_animation=&#8220;&#8220; row_type=&#8220;row&#8220; use_row_as_full_screen_section=&#8220;no&#8220; type=&#8220;full_width&#8220; angled_section=&#8220;no&#8220; text_align=&#8220;left&#8220; background_image_as_pattern=&#8220;without_pattern&#8220;][vc_column][vc_empty_space][\/vc_column][\/vc_row][vc_row css_animation=&#8220;&#8220; row_type=&#8220;row&#8220; use_row_as_full_screen_section=&#8220;no&#8220; type=&#8220;full_width&#8220; angled_section=&#8220;no&#8220; text_align=&#8220;left&#8220; background_image_as_pattern=&#8220;without_pattern&#8220;][vc_column][\/vc_column][\/vc_row][vc_row css_animation=&#8220;&#8220; row_type=&#8220;row&#8220; use_row_as_full_screen_section=&#8220;no&#8220; type=&#8220;full_width&#8220; angled_section=&#8220;no&#8220; text_align=&#8220;left&#8220; background_image_as_pattern=&#8220;without_pattern&#8220;][vc_column][vc_empty_space][\/vc_column][\/vc_row][vc_row css_animation=&#8220;&#8220; row_type=&#8220;row&#8220; use_row_as_full_screen_section=&#8220;no&#8220; type=&#8220;full_width&#8220; angled_section=&#8220;no&#8220; text_align=&#8220;left&#8220; background_image_as_pattern=&#8220;without_pattern&#8220;][vc_column][\/vc_column][\/vc_row][vc_row css_animation=&#8220;&#8220; row_type=&#8220;row&#8220; use_row_as_full_screen_section=&#8220;no&#8220; type=&#8220;full_width&#8220; angled_section=&#8220;no&#8220; text_align=&#8220;left&#8220; background_image_as_pattern=&#8220;without_pattern&#8220;][vc_column][\/vc_column][\/vc_row][vc_row css_animation=&#8220;&#8220; row_type=&#8220;row&#8220; use_row_as_full_screen_section=&#8220;no&#8220; type=&#8220;full_width&#8220; angled_section=&#8220;no&#8220; text_align=&#8220;center&#8220; background_image_as_pattern=&#8220;without_pattern&#8220;][vc_column][vc_empty_space][\/vc_column][\/vc_row][vc_row css_animation=&#8220;&#8220; row_type=&#8220;row&#8220; use_row_as_full_screen_section=&#8220;no&#8220; type=&#8220;full_width&#8220; angled_section=&#8220;no&#8220; text_align=&#8220;center&#8220; background_image_as_pattern=&#8220;without_pattern&#8220;][vc_column][vc_column_text]Die Tour ist in drei Rundstrecken durch die ganze Maremma Toscana aufgeteilt und ist es also bequemer f\u00fcr alle diejenigen, die&#8230;<\/p>\n","protected":false},"author":2,"featured_media":0,"parent":0,"menu_order":0,"comment_status":"closed","ping_status":"closed","template":"full_width.php","meta":{"footnotes":""},"class_list":["post-177941","page","type-page","status-publish","hentry"],"_links":{"self":[{"href":"https:\/\/www.enjoymaremma.it\/de\/wp-json\/wp\/v2\/pages\/177941","targetHints":{"allow":["GET"]}}],"collection":[{"href":"https:\/\/www.enjoymaremma.it\/de\/wp-json\/wp\/v2\/pages"}],"about":[{"href":"https:\/\/www.enjoymaremma.it\/de\/wp-json\/wp\/v2\/types\/page"}],"author":[{"embeddable":true,"href":"https:\/\/www.enjoymaremma.it\/de\/wp-json\/wp\/v2\/users\/2"}],"replies":[{"embeddable":true,"href":"https:\/\/www.enjoymaremma.it\/de\/wp-json\/wp\/v2\/comments?post=177941"}],"version-history":[{"count":17,"href":"https:\/\/www.enjoymaremma.it\/de\/wp-json\/wp\/v2\/pages\/177941\/revisions"}],"predecessor-version":[{"id":185796,"href":"https:\/\/www.enjoymaremma.it\/de\/wp-json\/wp\/v2\/pages\/177941\/revisions\/185796"}],"wp:attachment":[{"href":"https:\/\/www.enjoymaremma.it\/de\/wp-json\/wp\/v2\/media?parent=177941"}],"curies":[{"name":"wp","href":"https:\/\/api.w.org\/{rel}","templated":true}]}}